{"id":108,"date":"2025-12-17T20:19:50","date_gmt":"2025-12-17T20:19:50","guid":{"rendered":"https:\/\/bijuteriiadlr.zappnet.ro\/?post_type=product&#038;p=108"},"modified":"2025-12-17T20:36:41","modified_gmt":"2025-12-17T20:36:41","slug":"lantisor-roz-din-margele","status":"publish","type":"product","link":"https:\/\/bijuteriiadlr.zappnet.ro\/index.php\/product\/lantisor-roz-din-margele\/","title":{"rendered":"L\u0103n\u021bi\u0219or ro\u0219u din m\u0103rgele"},"content":{"rendered":"<div class=\"flex max-w-full flex-col grow\">\n<div class=\"min-h-8 text-message relative flex w-full flex-col items-end gap-2 text-start break-words whitespace-normal [.text-message+&amp;]:mt-1\" dir=\"auto\" data-message-author-role=\"assistant\" data-message-id=\"bf0136a3-3af8-41e9-9328-e947bd99ddd9\" data-message-model-slug=\"gpt-5-2\">\n<div class=\"flex w-full flex-col gap-1 empty:hidden first:pt-[1px]\">\n<div class=\"markdown prose dark:prose-invert w-full break-words dark markdown-new-styling\">\n<div class=\"flex max-w-full flex-col grow\">\n<div class=\"min-h-8 text-message relative flex w-full flex-col items-end gap-2 text-start break-words whitespace-normal [.text-message+&amp;]:mt-1\" dir=\"auto\" data-message-author-role=\"assistant\" data-message-id=\"4674202c-5360-4dca-a2d3-2dbe2fba5a4d\" data-message-model-slug=\"gpt-5-2\">\n<div class=\"flex w-full flex-col gap-1 empty:hidden first:pt-[1px]\">\n<div class=\"markdown prose dark:prose-invert w-full break-words dark markdown-new-styling\">\n<p data-start=\"0\" data-end=\"127\" data-is-last-node=\"\" data-is-only-node=\"\">L\u0103n\u021bi\u0219or portocaliu din m\u0103rgele<strong data-start=\"68\" data-end=\"103\">, <\/strong>realizat manual, vesel \u0219i u\u0219or de asortat, perfect pentru a ad\u0103uga o not\u0103 vibrant\u0103 oric\u0103rei \u021binute.<\/p>\n<\/div>\n<\/div>\n<\/div>\n<\/div>\n<\/div>\n<\/div>\n<\/div>\n<\/div>\n","protected":false},"excerpt":{"rendered":"<p>L\u0103n\u021bi\u0219or portocaliu din m\u0103rgele, realizat manual, vesel \u0219i u\u0219or de asortat, perfect pentru a ad\u0103uga o not\u0103 vibrant\u0103 oric\u0103rei \u021binute.<\/p>\n","protected":false},"featured_media":110,"comment_status":"open","ping_status":"closed","template":"","meta":[],"product_brand":[],"product_cat":[15],"product_tag":[],"class_list":{"0":"post-108","1":"product","2":"type-product","3":"status-publish","4":"has-post-thumbnail","6":"product_cat-uncategorized","8":"first","9":"outofstock","10":"shipping-taxable","11":"purchasable","12":"product-type-simple"},"_links":{"self":[{"href":"https:\/\/bijuteriiadlr.zappnet.ro\/index.php\/wp-json\/wp\/v2\/product\/108","targetHints":{"allow":["GET"]}}],"collection":[{"href":"https:\/\/bijuteriiadlr.zappnet.ro\/index.php\/wp-json\/wp\/v2\/product"}],"about":[{"href":"https:\/\/bijuteriiadlr.zappnet.ro\/index.php\/wp-json\/wp\/v2\/types\/product"}],"replies":[{"embeddable":true,"href":"https:\/\/bijuteriiadlr.zappnet.ro\/index.php\/wp-json\/wp\/v2\/comments?post=108"}],"wp:featuredmedia":[{"embeddable":true,"href":"https:\/\/bijuteriiadlr.zappnet.ro\/index.php\/wp-json\/wp\/v2\/media\/110"}],"wp:attachment":[{"href":"https:\/\/bijuteriiadlr.zappnet.ro\/index.php\/wp-json\/wp\/v2\/media?parent=108"}],"wp:term":[{"taxonomy":"product_brand","embeddable":true,"href":"https:\/\/bijuteriiadlr.zappnet.ro\/index.php\/wp-json\/wp\/v2\/product_brand?post=108"},{"taxonomy":"product_cat","embeddable":true,"href":"https:\/\/bijuteriiadlr.zappnet.ro\/index.php\/wp-json\/wp\/v2\/product_cat?post=108"},{"taxonomy":"product_tag","embeddable":true,"href":"https:\/\/bijuteriiadlr.zappnet.ro\/index.php\/wp-json\/wp\/v2\/product_tag?post=108"}],"curies":[{"name":"wp","href":"https:\/\/api.w.org\/{rel}","templated":true}]}}