{"id":163,"date":"2025-12-17T21:55:37","date_gmt":"2025-12-17T21:55:37","guid":{"rendered":"https:\/\/bijuteriiadlr.zappnet.ro\/?page_id=163"},"modified":"2025-12-17T21:56:33","modified_gmt":"2025-12-17T21:56:33","slug":"materiale","status":"publish","type":"page","link":"https:\/\/bijuteriiadlr.zappnet.ro\/index.php\/materiale\/","title":{"rendered":"Materiale"},"content":{"rendered":"\t\t<div data-elementor-type=\"wp-page\" data-elementor-id=\"163\" class=\"elementor elementor-163\">\n\t\t\t\t<div class=\"elementor-element elementor-element-4794f54c e-flex e-con-boxed e-con e-parent\" data-id=\"4794f54c\" data-element_type=\"container\" data-e-type=\"container\">\n\t\t\t\t\t<div class=\"e-con-inner\">\n\t\t\t\t<div class=\"elementor-element elementor-element-1816ab92 elementor-widget elementor-widget-text-editor\" data-id=\"1816ab92\" data-element_type=\"widget\" data-e-type=\"widget\" data-widget_type=\"text-editor.default\">\n\t\t\t\t\t\t\t\t\t\n<p>Bijuteriile noastre sunt realizate cu aten\u021bie din materiale atent selec\u021bionate, alese pentru calitatea, durabilitatea \u0219i aspectul lor estetic. Folosim m\u0103rgele de \u00eenalt\u0103 calitate, disponibile \u00eentr-o varietate de culori \u0219i finisaje, care permit crearea unor piese delicate, dar expresive, potrivite at\u00e2t pentru purtarea zilnic\u0103, c\u00e2t \u0219i pentru ocazii speciale.<\/p>\n\n<p>Fiecare material este ales astfel \u00eenc\u00e2t s\u0103 asigure confort la purtare, rezisten\u021b\u0103 \u00een timp \u0219i un aspect pl\u0103cut, f\u0103r\u0103 a compromite elegan\u021ba designului. Punem accent pe detalii, pe armonia cromatic\u0103 \u0219i pe combinarea materialelor \u00eentr-un mod echilibrat, pentru a ob\u021bine bijuterii u\u0219or de asortat \u0219i pl\u0103cute vizual.<\/p>\n\n<p>Procesul de selec\u021bie a materialelor reflect\u0103 grija noastr\u0103 pentru calitate \u0219i dorin\u021ba de a oferi bijuterii realizate manual, care \u00eembin\u0103 simplitatea cu rafinamentul \u0219i care pot deveni accesorii de \u00eencredere \u00een orice \u021binut\u0103.<\/p>\n<p>\u00a0<\/p>\n\t\t\t\t\t\t\t\t<\/div>\n\t\t\t\t\t<\/div>\n\t\t\t\t<\/div>\n\t\t\t\t<\/div>\n\t\t","protected":false},"excerpt":{"rendered":"<p>Bijuteriile noastre sunt realizate cu aten\u021bie din materiale atent selec\u021bionate, alese pentru calitatea, durabilitatea \u0219i aspectul lor estetic. Folosim m\u0103rgele&#8230;<\/p>\n","protected":false},"author":1,"featured_media":0,"parent":0,"menu_order":0,"comment_status":"closed","ping_status":"closed","template":"","meta":{"footnotes":""},"class_list":["post-163","page","type-page","status-publish","hentry"],"_links":{"self":[{"href":"https:\/\/bijuteriiadlr.zappnet.ro\/index.php\/wp-json\/wp\/v2\/pages\/163","targetHints":{"allow":["GET"]}}],"collection":[{"href":"https:\/\/bijuteriiadlr.zappnet.ro\/index.php\/wp-json\/wp\/v2\/pages"}],"about":[{"href":"https:\/\/bijuteriiadlr.zappnet.ro\/index.php\/wp-json\/wp\/v2\/types\/page"}],"author":[{"embeddable":true,"href":"https:\/\/bijuteriiadlr.zappnet.ro\/index.php\/wp-json\/wp\/v2\/users\/1"}],"replies":[{"embeddable":true,"href":"https:\/\/bijuteriiadlr.zappnet.ro\/index.php\/wp-json\/wp\/v2\/comments?post=163"}],"version-history":[{"count":4,"href":"https:\/\/bijuteriiadlr.zappnet.ro\/index.php\/wp-json\/wp\/v2\/pages\/163\/revisions"}],"predecessor-version":[{"id":168,"href":"https:\/\/bijuteriiadlr.zappnet.ro\/index.php\/wp-json\/wp\/v2\/pages\/163\/revisions\/168"}],"wp:attachment":[{"href":"https:\/\/bijuteriiadlr.zappnet.ro\/index.php\/wp-json\/wp\/v2\/media?parent=163"}],"curies":[{"name":"wp","href":"https:\/\/api.w.org\/{rel}","templated":true}]}}