{"id":129,"date":"2025-12-17T21:21:10","date_gmt":"2025-12-17T21:21:10","guid":{"rendered":"https:\/\/bijuteriiadlr.zappnet.ro\/?page_id=129"},"modified":"2025-12-17T21:49:54","modified_gmt":"2025-12-17T21:49:54","slug":"team","status":"publish","type":"page","link":"https:\/\/bijuteriiadlr.zappnet.ro\/index.php\/team\/","title":{"rendered":"Team"},"content":{"rendered":"\t\t<div data-elementor-type=\"wp-page\" data-elementor-id=\"129\" class=\"elementor elementor-129\">\n\t\t\t\t<div class=\"elementor-element elementor-element-60fe963 e-flex e-con-boxed e-con e-parent\" data-id=\"60fe963\" data-element_type=\"container\" data-e-type=\"container\">\n\t\t\t\t\t<div class=\"e-con-inner\">\n\t\t\t\t<div class=\"elementor-element elementor-element-918411e elementor-widget elementor-widget-text-editor\" data-id=\"918411e\" data-element_type=\"widget\" data-e-type=\"widget\" data-widget_type=\"text-editor.default\">\n\t\t\t\t\t\t\t\t\t<p>\u00cen spatele fiec\u0103rei bijuterii se afl\u0103 o echip\u0103 unit\u0103, pasionat\u0103 \u0219i atent\u0103 la fiecare detaliu. <br \/>Fiecare membru contribuie cu expertiza sa pentru a transforma ideile \u00een <br \/>produse de calitate \u0219i experien\u021be pl\u0103cute pentru clien\u021bii no\u0219tri.<\/p>\t\t\t\t\t\t\t\t<\/div>\n\t\t\t\t\t<\/div>\n\t\t\t\t<\/div>\n\t\t<div class=\"elementor-element elementor-element-c9218c9 e-grid e-con-boxed e-con e-parent\" data-id=\"c9218c9\" data-element_type=\"container\" data-e-type=\"container\">\n\t\t\t\t\t<div class=\"e-con-inner\">\n\t\t\t\t<div class=\"elementor-element elementor-element-ff813e3 elementor-widget elementor-widget-image\" data-id=\"ff813e3\" data-element_type=\"widget\" data-e-type=\"widget\" data-widget_type=\"image.default\">\n\t\t\t\t\t\t\t\t\t\t\t\t<figure class=\"wp-caption\">\n\t\t\t\t\t\t\t\t\t\t<img fetchpriority=\"high\" decoding=\"async\" width=\"768\" height=\"772\" src=\"https:\/\/bijuteriiadlr.zappnet.ro\/wp-content\/uploads\/2025\/12\/Dinache-Ruxandra-768x772.jpeg\" class=\"attachment-medium_large size-medium_large wp-image-132\" alt=\"\" srcset=\"https:\/\/bijuteriiadlr.zappnet.ro\/wp-content\/uploads\/2025\/12\/Dinache-Ruxandra-768x772.jpeg 768w, https:\/\/bijuteriiadlr.zappnet.ro\/wp-content\/uploads\/2025\/12\/Dinache-Ruxandra-298x300.jpeg 298w, https:\/\/bijuteriiadlr.zappnet.ro\/wp-content\/uploads\/2025\/12\/Dinache-Ruxandra-1019x1024.jpeg 1019w, https:\/\/bijuteriiadlr.zappnet.ro\/wp-content\/uploads\/2025\/12\/Dinache-Ruxandra-150x150.jpeg 150w, https:\/\/bijuteriiadlr.zappnet.ro\/wp-content\/uploads\/2025\/12\/Dinache-Ruxandra-600x603.jpeg 600w, https:\/\/bijuteriiadlr.zappnet.ro\/wp-content\/uploads\/2025\/12\/Dinache-Ruxandra-100x100.jpeg 100w, https:\/\/bijuteriiadlr.zappnet.ro\/wp-content\/uploads\/2025\/12\/Dinache-Ruxandra.jpeg 1179w\" sizes=\"(max-width: 768px) 100vw, 768px\" \/>\t\t\t\t\t\t\t\t\t\t\t<figcaption class=\"widget-image-caption wp-caption-text\">Dinache Ruxandra<\/figcaption>\n\t\t\t\t\t\t\t\t\t\t<\/figure>\n\t\t\t\t\t\t\t\t\t<\/div>\n\t\t\t\t<div class=\"elementor-element elementor-element-31bf100 elementor-widget elementor-widget-image\" data-id=\"31bf100\" data-element_type=\"widget\" data-e-type=\"widget\" data-widget_type=\"image.default\">\n\t\t\t\t\t\t\t\t\t\t\t\t<figure class=\"wp-caption\">\n\t\t\t\t\t\t\t\t\t\t<img decoding=\"async\" width=\"983\" height=\"1024\" src=\"https:\/\/bijuteriiadlr.zappnet.ro\/wp-content\/uploads\/2025\/12\/Ene-Popa-Lucia-983x1024.jpeg\" class=\"attachment-large size-large wp-image-133\" alt=\"\" srcset=\"https:\/\/bijuteriiadlr.zappnet.ro\/wp-content\/uploads\/2025\/12\/Ene-Popa-Lucia-983x1024.jpeg 983w, https:\/\/bijuteriiadlr.zappnet.ro\/wp-content\/uploads\/2025\/12\/Ene-Popa-Lucia-288x300.jpeg 288w, https:\/\/bijuteriiadlr.zappnet.ro\/wp-content\/uploads\/2025\/12\/Ene-Popa-Lucia-768x800.jpeg 768w, https:\/\/bijuteriiadlr.zappnet.ro\/wp-content\/uploads\/2025\/12\/Ene-Popa-Lucia-600x625.jpeg 600w, https:\/\/bijuteriiadlr.zappnet.ro\/wp-content\/uploads\/2025\/12\/Ene-Popa-Lucia.jpeg 1179w\" sizes=\"(max-width: 983px) 100vw, 983px\" \/>\t\t\t\t\t\t\t\t\t\t\t<figcaption class=\"widget-image-caption wp-caption-text\">Ene-Popa Lucia<\/figcaption>\n\t\t\t\t\t\t\t\t\t\t<\/figure>\n\t\t\t\t\t\t\t\t\t<\/div>\n\t\t\t\t<div class=\"elementor-element elementor-element-ebee944 elementor-widget elementor-widget-image\" data-id=\"ebee944\" data-element_type=\"widget\" data-e-type=\"widget\" data-widget_type=\"image.default\">\n\t\t\t\t\t\t\t\t\t\t\t\t<figure class=\"wp-caption\">\n\t\t\t\t\t\t\t\t\t\t<img decoding=\"async\" width=\"1024\" height=\"924\" src=\"https:\/\/bijuteriiadlr.zappnet.ro\/wp-content\/uploads\/2025\/12\/Mina-Anca-1024x924.jpeg\" class=\"attachment-large size-large wp-image-134\" alt=\"\" srcset=\"https:\/\/bijuteriiadlr.zappnet.ro\/wp-content\/uploads\/2025\/12\/Mina-Anca-1024x924.jpeg 1024w, https:\/\/bijuteriiadlr.zappnet.ro\/wp-content\/uploads\/2025\/12\/Mina-Anca-300x271.jpeg 300w, https:\/\/bijuteriiadlr.zappnet.ro\/wp-content\/uploads\/2025\/12\/Mina-Anca-768x693.jpeg 768w, https:\/\/bijuteriiadlr.zappnet.ro\/wp-content\/uploads\/2025\/12\/Mina-Anca-600x541.jpeg 600w, https:\/\/bijuteriiadlr.zappnet.ro\/wp-content\/uploads\/2025\/12\/Mina-Anca.jpeg 1179w\" sizes=\"(max-width: 1024px) 100vw, 1024px\" \/>\t\t\t\t\t\t\t\t\t\t\t<figcaption class=\"widget-image-caption wp-caption-text\">Mina Anca<\/figcaption>\n\t\t\t\t\t\t\t\t\t\t<\/figure>\n\t\t\t\t\t\t\t\t\t<\/div>\n\t\t\t\t<div class=\"elementor-element elementor-element-73bd9e5 elementor-widget elementor-widget-image\" data-id=\"73bd9e5\" data-element_type=\"widget\" data-e-type=\"widget\" data-widget_type=\"image.default\">\n\t\t\t\t\t\t\t\t\t\t\t\t<figure class=\"wp-caption\">\n\t\t\t\t\t\t\t\t\t\t<img loading=\"lazy\" decoding=\"async\" width=\"738\" height=\"691\" src=\"https:\/\/bijuteriiadlr.zappnet.ro\/wp-content\/uploads\/2025\/12\/Dima-Nicolae-2.jpeg\" class=\"attachment-medium_large size-medium_large wp-image-155\" alt=\"\" srcset=\"https:\/\/bijuteriiadlr.zappnet.ro\/wp-content\/uploads\/2025\/12\/Dima-Nicolae-2.jpeg 738w, https:\/\/bijuteriiadlr.zappnet.ro\/wp-content\/uploads\/2025\/12\/Dima-Nicolae-2-300x281.jpeg 300w, https:\/\/bijuteriiadlr.zappnet.ro\/wp-content\/uploads\/2025\/12\/Dima-Nicolae-2-600x562.jpeg 600w\" sizes=\"(max-width: 738px) 100vw, 738px\" \/>\t\t\t\t\t\t\t\t\t\t\t<figcaption class=\"widget-image-caption wp-caption-text\">Dima Nicolae<\/figcaption>\n\t\t\t\t\t\t\t\t\t\t<\/figure>\n\t\t\t\t\t\t\t\t\t<\/div>\n\t\t\t\t\t<\/div>\n\t\t\t\t<\/div>\n\t\t\t\t<\/div>\n\t\t","protected":false},"excerpt":{"rendered":"<p>\u00cen spatele fiec\u0103rei bijuterii se afl\u0103 o echip\u0103 unit\u0103, pasionat\u0103 \u0219i atent\u0103 la fiecare detaliu. Fiecare membru contribuie cu expertiza&#8230;<\/p>\n","protected":false},"author":1,"featured_media":0,"parent":0,"menu_order":0,"comment_status":"closed","ping_status":"closed","template":"","meta":{"footnotes":""},"class_list":["post-129","page","type-page","status-publish","hentry"],"_links":{"self":[{"href":"https:\/\/bijuteriiadlr.zappnet.ro\/index.php\/wp-json\/wp\/v2\/pages\/129","targetHints":{"allow":["GET"]}}],"collection":[{"href":"https:\/\/bijuteriiadlr.zappnet.ro\/index.php\/wp-json\/wp\/v2\/pages"}],"about":[{"href":"https:\/\/bijuteriiadlr.zappnet.ro\/index.php\/wp-json\/wp\/v2\/types\/page"}],"author":[{"embeddable":true,"href":"https:\/\/bijuteriiadlr.zappnet.ro\/index.php\/wp-json\/wp\/v2\/users\/1"}],"replies":[{"embeddable":true,"href":"https:\/\/bijuteriiadlr.zappnet.ro\/index.php\/wp-json\/wp\/v2\/comments?post=129"}],"version-history":[{"count":22,"href":"https:\/\/bijuteriiadlr.zappnet.ro\/index.php\/wp-json\/wp\/v2\/pages\/129\/revisions"}],"predecessor-version":[{"id":162,"href":"https:\/\/bijuteriiadlr.zappnet.ro\/index.php\/wp-json\/wp\/v2\/pages\/129\/revisions\/162"}],"wp:attachment":[{"href":"https:\/\/bijuteriiadlr.zappnet.ro\/index.php\/wp-json\/wp\/v2\/media?parent=129"}],"curies":[{"name":"wp","href":"https:\/\/api.w.org\/{rel}","templated":true}]}}