{"id":124,"date":"2025-12-17T21:18:23","date_gmt":"2025-12-17T21:18:23","guid":{"rendered":"https:\/\/bijuteriiadlr.zappnet.ro\/?page_id=124"},"modified":"2025-12-17T21:20:11","modified_gmt":"2025-12-17T21:20:11","slug":"povestea-noastra","status":"publish","type":"page","link":"https:\/\/bijuteriiadlr.zappnet.ro\/index.php\/povestea-noastra\/","title":{"rendered":"Povestea noastr\u0103"},"content":{"rendered":"\n<p>Povestea noastr\u0103 \u00eencepe din dorin\u021ba de a crea bijuterii care s\u0103 spun\u0103 ceva despre fiecare persoan\u0103 care le poart\u0103. Inspirate de culori, emo\u021bii \u0219i detalii fine, crea\u021biile noastre sunt g\u00e2ndite s\u0103 aduc\u0103 un plus de elegan\u021b\u0103 \u0219i personalitate oric\u0103rei \u021binute.<\/p>\n\n\n\n<p>Fiecare bijuterie este realizat\u0103 manual, cu aten\u021bie la detalii \u0219i pasiune pentru frumos. Alegem cu grij\u0103 materialele \u0219i combin\u0103m designul modern cu simplitatea formelor, pentru a ob\u021bine piese delicate, u\u0219or de purtat \u0219i de asortat \u00een orice context.<\/p>\n\n\n\n<p>Credem c\u0103 bijuteriile nu sunt doar accesorii, ci mici expresii ale stilului personal. De aceea, ne dorim ca fiecare produs s\u0103 transmit\u0103 autenticitate, rafinament \u0219i bucuria lucrului f\u0103cut cu suflet.<\/p>\n\n\n\n<p>Prin fiecare crea\u021bie, continu\u0103m s\u0103 construim o poveste despre feminitate, creativitate \u0219i elegan\u021b\u0103 atemporal\u0103.<\/p>\n\n\n\n<p><\/p>\n","protected":false},"excerpt":{"rendered":"<p>Povestea noastr\u0103 \u00eencepe din dorin\u021ba de a crea bijuterii care s\u0103 spun\u0103 ceva despre fiecare persoan\u0103 care le poart\u0103. Inspirate&#8230;<\/p>\n","protected":false},"author":1,"featured_media":0,"parent":0,"menu_order":0,"comment_status":"closed","ping_status":"closed","template":"","meta":{"footnotes":""},"class_list":["post-124","page","type-page","status-publish","hentry"],"_links":{"self":[{"href":"https:\/\/bijuteriiadlr.zappnet.ro\/index.php\/wp-json\/wp\/v2\/pages\/124","targetHints":{"allow":["GET"]}}],"collection":[{"href":"https:\/\/bijuteriiadlr.zappnet.ro\/index.php\/wp-json\/wp\/v2\/pages"}],"about":[{"href":"https:\/\/bijuteriiadlr.zappnet.ro\/index.php\/wp-json\/wp\/v2\/types\/page"}],"author":[{"embeddable":true,"href":"https:\/\/bijuteriiadlr.zappnet.ro\/index.php\/wp-json\/wp\/v2\/users\/1"}],"replies":[{"embeddable":true,"href":"https:\/\/bijuteriiadlr.zappnet.ro\/index.php\/wp-json\/wp\/v2\/comments?post=124"}],"version-history":[{"count":2,"href":"https:\/\/bijuteriiadlr.zappnet.ro\/index.php\/wp-json\/wp\/v2\/pages\/124\/revisions"}],"predecessor-version":[{"id":128,"href":"https:\/\/bijuteriiadlr.zappnet.ro\/index.php\/wp-json\/wp\/v2\/pages\/124\/revisions\/128"}],"wp:attachment":[{"href":"https:\/\/bijuteriiadlr.zappnet.ro\/index.php\/wp-json\/wp\/v2\/media?parent=124"}],"curies":[{"name":"wp","href":"https:\/\/api.w.org\/{rel}","templated":true}]}}